{"id":22,"date":"2021-03-08T18:06:05","date_gmt":"2021-03-08T18:06:05","guid":{"rendered":"https:\/\/optometria.iztacala.unam.mx\/batasblancas\/?page_id=22"},"modified":"2025-12-19T21:50:54","modified_gmt":"2025-12-19T21:50:54","slug":"batas-blancas","status":"publish","type":"page","link":"https:\/\/optometria.iztacala.unam.mx\/batasblancas\/","title":{"rendered":"Batas Blancas"},"content":{"rendered":"\n<h4 class=\"wp-block-heading has-text-align-center\"><strong><mark style=\"background-color:rgba(0, 0, 0, 0)\" class=\"has-inline-color has-accent-color\">\u00bfPor qu\u00e9 Batas Blancas?<\/mark><\/strong><\/h4>\n\n\n\n<p>Batas blancas es una revista digital de divulgaci\u00f3n de la Facultad de Estudios Superiores Iztacala, UNAM que se publicar\u00e1 de manera semestral en nuestro portal.<\/p>\n\n\n\n<p>El nombre de \u201cBatas Blancas\u201d es alusivo a que la Facultad de Estudios Superiores Iztacala forma profesionales de Ciencias Biol\u00f3gicas y de la Salud como: Biolog\u00eda, Cirujano Dentista, Enfermer\u00eda, M\u00e9dico Cirujano, Optometr\u00eda, Psicolog\u00eda, en las cuales todos en un determinado momento hacen uso de la \u201cBata blanca\u201d; Del mismo modo, hace referencia al significado de Iztacala en n\u00e1huatl &#8220;donde hay casas de sal&#8221; y cotidianamente conocida como \u201cCasa Blanca\u201d.<\/p>\n\n\n\n<p>Es una revista que surge para divulgar temas relacionados en espec\u00edfico sobre la Salud, desde un punto de vista te\u00f3rico, cient\u00edfico, tecnol\u00f3gico, pr\u00e1ctico, as\u00ed como sus aplicaciones a todos los \u00e1mbitos de la sociedad, donde se pretende hacer evidente el trabajo multidisciplinario.<\/p>\n\n\n\n<p><\/p>\n\n\n\n<h4 class=\"wp-block-heading has-text-align-center\"><strong><mark style=\"background-color:rgba(0, 0, 0, 0)\" class=\"has-inline-color has-accent-color\">Visi\u00f3n<\/mark><\/strong><\/h4>\n\n\n\n<p>Ser una publicaci\u00f3n representativa de la comunidad lectora en todos los niveles posibles, as\u00ed mismo ser un referente de temas de salud.<\/p>\n\n\n\n<p><\/p>\n\n\n\n<h4 class=\"wp-block-heading has-text-align-center\"><strong><mark style=\"background-color:rgba(0, 0, 0, 0)\" class=\"has-inline-color has-accent-color\">Objetivos<\/mark><\/strong><\/h4>\n\n\n\n<ul class=\"wp-block-list\">\n<li>Difundir y acercar el conocimiento con temas del \u00e1rea de la salud, en un estilo y tono abierto a todo el p\u00fablico.<\/li>\n\n\n\n<li>Despertar el inter\u00e9s e inquietud de sus lectores\u00a0por las diversas \u00e1reas de la salud.<\/li>\n\n\n\n<li>Ser puente y espacio de comunicaci\u00f3n horizontal entre los generadores del conocimiento, los comunicadores de la ciencia y el p\u00fablico lector.<\/li>\n<\/ul>\n","protected":false},"excerpt":{"rendered":"<p>\u00bfPor qu\u00e9 Batas Blancas? Batas blancas es una revista digital de divulgaci\u00f3n de la Facultad de Estudios Superiores Iztacala, UNAM que se publicar\u00e1 de manera semestral en nuestro portal. El nombre de \u201cBatas Blancas\u201d es alusivo a que la Facultad de Estudios Superiores Iztacala forma profesionales de Ciencias Biol\u00f3gicas y de la Salud como: Biolog\u00eda, &#8230; <a title=\"Batas Blancas\" class=\"read-more\" href=\"https:\/\/optometria.iztacala.unam.mx\/batasblancas\/\" aria-label=\"Leer m\u00e1s sobre Batas Blancas\">Read more<\/a><\/p>\n","protected":false},"author":1,"featured_media":0,"parent":0,"menu_order":0,"comment_status":"closed","ping_status":"closed","template":"","meta":{"footnotes":""},"class_list":["post-22","page","type-page","status-publish"],"_links":{"self":[{"href":"https:\/\/optometria.iztacala.unam.mx\/batasblancas\/index.php?rest_route=\/wp\/v2\/pages\/22","targetHints":{"allow":["GET"]}}],"collection":[{"href":"https:\/\/optometria.iztacala.unam.mx\/batasblancas\/index.php?rest_route=\/wp\/v2\/pages"}],"about":[{"href":"https:\/\/optometria.iztacala.unam.mx\/batasblancas\/index.php?rest_route=\/wp\/v2\/types\/page"}],"author":[{"embeddable":true,"href":"https:\/\/optometria.iztacala.unam.mx\/batasblancas\/index.php?rest_route=\/wp\/v2\/users\/1"}],"replies":[{"embeddable":true,"href":"https:\/\/optometria.iztacala.unam.mx\/batasblancas\/index.php?rest_route=%2Fwp%2Fv2%2Fcomments&post=22"}],"version-history":[{"count":9,"href":"https:\/\/optometria.iztacala.unam.mx\/batasblancas\/index.php?rest_route=\/wp\/v2\/pages\/22\/revisions"}],"predecessor-version":[{"id":1482,"href":"https:\/\/optometria.iztacala.unam.mx\/batasblancas\/index.php?rest_route=\/wp\/v2\/pages\/22\/revisions\/1482"}],"wp:attachment":[{"href":"https:\/\/optometria.iztacala.unam.mx\/batasblancas\/index.php?rest_route=%2Fwp%2Fv2%2Fmedia&parent=22"}],"curies":[{"name":"wp","href":"https:\/\/api.w.org\/{rel}","templated":true}]}}